{"id":91474,"date":"2025-11-07T19:42:12","date_gmt":"2025-11-07T19:42:12","guid":{"rendered":"https:\/\/erfuhome.com\/?post_type=product&#038;p=91474"},"modified":"2026-02-22T00:50:55","modified_gmt":"2026-02-22T00:50:55","slug":"abattant-de-wc-duroplast-fermeture-douce-et-degagement-rapide-avec-charnieres-en-acier-inoxydable-berry","status":"publish","type":"product","link":"https:\/\/erfuhome.com\/fr\/produit\/abattant-de-wc-duroplast-fermeture-douce-et-degagement-rapide-avec-charnieres-en-acier-inoxydable-berry\/","title":{"rendered":"Creavit Duck Abattant Wc &#8211; Mod\u00e8le D &#8211; Design Fin &#8211; Frein De Chute &#8211; D\u00e9clipsable &#8211; Duroplast &#8211; Charni\u00e8res En Inox &#8211; Baie"},"content":{"rendered":"<p><b>Caution<\/b>: Please do not use chemicals or abrasive cleaners to maintain this product. This will prevent discoloration or damage and allow the toilet seat to last a lifetime.<\/p>\n<div class=\"product-downloads\">\n<h3>Downloads &amp; Documents<\/h3>\n<table class=\"wp-block-table is-style-stripes\">\n<tbody>\n<tr>\n<td><strong>KC0903.01.1900E-technical-drawing<\/strong><\/td>\n<td><a href=\"https:\/\/www.versagroup.be\/fr\/mwdownloads\/01990f17482072d5b6b4ad5abe94ea67\" target=\"_blank\" rel=\"noopener\">Download PDF<\/a><\/td>\n<\/tr>\n<\/tbody>\n<\/table>\n<\/div>\n","protected":false},"excerpt":{"rendered":"<p class=\"p1\"><b>Caution<\/b>: Please do not use chemicals or abrasive cleaners to maintain this product. This will prevent discoloration or damage and allow the toilet seat to last a lifetime.<\/p>\n","protected":false},"featured_media":56052,"comment_status":"open","ping_status":"closed","template":"","meta":[],"product_brand":[11006],"product_cat":[10604,10770,10772],"product_tag":[],"class_list":{"0":"post-91474","1":"product","2":"type-product","3":"status-publish","4":"has-post-thumbnail","6":"product_brand-creavit","7":"product_cat-sanitaire","8":"product_cat-sige-de-toilette","9":"product_cat-toilettes-fr","10":"pa_height_cm-445-mm","12":"pa_length_mm-14083","13":"pa_weight_kg-14085","14":"pa_width_cm-360-mm","16":"first","17":"instock","18":"sale","19":"taxable","20":"shipping-taxable","21":"purchasable","22":"product-type-simple"},"_links":{"self":[{"href":"https:\/\/erfuhome.com\/fr\/wp-json\/wp\/v2\/product\/91474","targetHints":{"allow":["GET"]}}],"collection":[{"href":"https:\/\/erfuhome.com\/fr\/wp-json\/wp\/v2\/product"}],"about":[{"href":"https:\/\/erfuhome.com\/fr\/wp-json\/wp\/v2\/types\/product"}],"replies":[{"embeddable":true,"href":"https:\/\/erfuhome.com\/fr\/wp-json\/wp\/v2\/comments?post=91474"}],"version-history":[{"count":1,"href":"https:\/\/erfuhome.com\/fr\/wp-json\/wp\/v2\/product\/91474\/revisions"}],"predecessor-version":[{"id":204434,"href":"https:\/\/erfuhome.com\/fr\/wp-json\/wp\/v2\/product\/91474\/revisions\/204434"}],"wp:featuredmedia":[{"embeddable":true,"href":"https:\/\/erfuhome.com\/fr\/wp-json\/wp\/v2\/media\/56052"}],"wp:attachment":[{"href":"https:\/\/erfuhome.com\/fr\/wp-json\/wp\/v2\/media?parent=91474"}],"wp:term":[{"taxonomy":"product_brand","embeddable":true,"href":"https:\/\/erfuhome.com\/fr\/wp-json\/wp\/v2\/product_brand?post=91474"},{"taxonomy":"product_cat","embeddable":true,"href":"https:\/\/erfuhome.com\/fr\/wp-json\/wp\/v2\/product_cat?post=91474"},{"taxonomy":"product_tag","embeddable":true,"href":"https:\/\/erfuhome.com\/fr\/wp-json\/wp\/v2\/product_tag?post=91474"}],"curies":[{"name":"wp","href":"https:\/\/api.w.org\/{rel}","templated":true}]}}