{"id":91562,"date":"2025-11-07T19:49:13","date_gmt":"2025-11-07T19:49:13","guid":{"rendered":"https:\/\/erfuhome.com\/?post_type=product&#038;p=91562"},"modified":"2026-02-22T00:51:33","modified_gmt":"2026-02-22T00:51:33","slug":"electronique-de-toilettes-tecesolid-avec-fonctionnement-mains-libres-batterie-6-v-chrome-brillant","status":"publish","type":"product","link":"https:\/\/erfuhome.com\/fr\/produit\/electronique-de-toilettes-tecesolid-avec-fonctionnement-mains-libres-batterie-6-v-chrome-brillant\/","title":{"rendered":"Plaque De D\u00e9clenchement Wc Tecesolid \u00c9lectronique Avec Activation Sans Contact, Batterie 6 V, Chrom\u00e9 Brillant"},"content":{"rendered":"<\/div>\n<\/div>\n<\/div>\n<div class=\"product-downloads\" style=\"margin-top: 20px;border-top: 1px solid #eee;padding-top: 15px\">\n<h3>Downloads &amp; Documents<\/h3>\n<table class=\"wp-block-table is-style-stripes\">\n<tbody>\n<tr>\n<td><strong>Installation TECEsolid 6V<\/strong><\/td>\n<td><a href=\"https:\/\/www.versagroup.be\/fr\/mwdownloads\/cb6bf06160024ee58a16905aca775653\" target=\"_blank\" rel=\"noopener\">Download PDF<\/a><\/td>\n<\/tr>\n<\/tbody>\n<\/table>\n<\/div>\n","protected":false},"excerpt":{"rendered":"<p>Downloads &amp; Documents Installation TECEsolid 6V Download PDF<\/p>\n","protected":false},"featured_media":56207,"comment_status":"open","ping_status":"closed","template":"","meta":[],"product_brand":[11011],"product_cat":[9802,10604,10772],"product_tag":[],"class_list":{"0":"post-91562","1":"product","2":"type-product","3":"status-publish","4":"has-post-thumbnail","6":"product_brand-tece","7":"product_cat-panneaux-de-contrle","8":"product_cat-sanitaire","9":"product_cat-toilettes-fr","11":"first","12":"instock","13":"sale","14":"taxable","15":"shipping-taxable","16":"purchasable","17":"product-type-simple"},"_links":{"self":[{"href":"https:\/\/erfuhome.com\/fr\/wp-json\/wp\/v2\/product\/91562","targetHints":{"allow":["GET"]}}],"collection":[{"href":"https:\/\/erfuhome.com\/fr\/wp-json\/wp\/v2\/product"}],"about":[{"href":"https:\/\/erfuhome.com\/fr\/wp-json\/wp\/v2\/types\/product"}],"replies":[{"embeddable":true,"href":"https:\/\/erfuhome.com\/fr\/wp-json\/wp\/v2\/comments?post=91562"}],"version-history":[{"count":1,"href":"https:\/\/erfuhome.com\/fr\/wp-json\/wp\/v2\/product\/91562\/revisions"}],"predecessor-version":[{"id":204477,"href":"https:\/\/erfuhome.com\/fr\/wp-json\/wp\/v2\/product\/91562\/revisions\/204477"}],"wp:featuredmedia":[{"embeddable":true,"href":"https:\/\/erfuhome.com\/fr\/wp-json\/wp\/v2\/media\/56207"}],"wp:attachment":[{"href":"https:\/\/erfuhome.com\/fr\/wp-json\/wp\/v2\/media?parent=91562"}],"wp:term":[{"taxonomy":"product_brand","embeddable":true,"href":"https:\/\/erfuhome.com\/fr\/wp-json\/wp\/v2\/product_brand?post=91562"},{"taxonomy":"product_cat","embeddable":true,"href":"https:\/\/erfuhome.com\/fr\/wp-json\/wp\/v2\/product_cat?post=91562"},{"taxonomy":"product_tag","embeddable":true,"href":"https:\/\/erfuhome.com\/fr\/wp-json\/wp\/v2\/product_tag?post=91562"}],"curies":[{"name":"wp","href":"https:\/\/api.w.org\/{rel}","templated":true}]}}