{"id":91580,"date":"2025-11-07T19:52:52","date_gmt":"2025-11-07T19:52:52","guid":{"rendered":"https:\/\/erfuhome.com\/?post_type=product&#038;p=91580"},"modified":"2026-02-22T00:51:39","modified_gmt":"2026-02-22T00:51:39","slug":"plaque-de-commande-de-wc-tecesquare-ii-en-metal-pour-technologie-a-double-chasse-chrome-noir-brosse-avec-anti-empreintes-digitales","status":"publish","type":"product","link":"https:\/\/erfuhome.com\/fr\/produit\/plaque-de-commande-de-wc-tecesquare-ii-en-metal-pour-technologie-a-double-chasse-chrome-noir-brosse-avec-anti-empreintes-digitales\/","title":{"rendered":"Plaque De D\u00e9clenchement Wc Tecesquare Ii M\u00e9tal, Double Touches, Inox Bross\u00e9, Chrom\u00e9 Noir (Avec Anti-Trace De Doigts)"},"content":{"rendered":"<\/div>\n<\/div>\n<\/div>\n<div class=\"product-downloads\" style=\"margin-top: 20px;border-top: 1px solid #eee;padding-top: 15px\">\n<h3>Downloads &amp; Documents<\/h3>\n<table class=\"wp-block-table is-style-stripes\">\n<tbody>\n<tr>\n<td><strong>Installation TECEsquare II Metal<\/strong><\/td>\n<td><a href=\"https:\/\/www.versagroup.be\/fr\/mwdownloads\/43c0ef5c37df4acc848d8dd8d0561bdf\" target=\"_blank\" rel=\"noopener\">Download PDF<\/a><\/td>\n<\/tr>\n<\/tbody>\n<\/table>\n<\/div>\n","protected":false},"excerpt":{"rendered":"<p>Downloads &amp; Documents Installation TECEsquare II Metal Download PDF<\/p>\n","protected":false},"featured_media":56234,"comment_status":"open","ping_status":"closed","template":"","meta":[],"product_brand":[11011],"product_cat":[9802,10604,10772],"product_tag":[],"class_list":{"0":"post-91580","1":"product","2":"type-product","3":"status-publish","4":"has-post-thumbnail","6":"product_brand-tece","7":"product_cat-panneaux-de-contrle","8":"product_cat-sanitaire","9":"product_cat-toilettes-fr","11":"first","12":"instock","13":"sale","14":"taxable","15":"shipping-taxable","16":"purchasable","17":"product-type-simple"},"_links":{"self":[{"href":"https:\/\/erfuhome.com\/fr\/wp-json\/wp\/v2\/product\/91580","targetHints":{"allow":["GET"]}}],"collection":[{"href":"https:\/\/erfuhome.com\/fr\/wp-json\/wp\/v2\/product"}],"about":[{"href":"https:\/\/erfuhome.com\/fr\/wp-json\/wp\/v2\/types\/product"}],"replies":[{"embeddable":true,"href":"https:\/\/erfuhome.com\/fr\/wp-json\/wp\/v2\/comments?post=91580"}],"version-history":[{"count":1,"href":"https:\/\/erfuhome.com\/fr\/wp-json\/wp\/v2\/product\/91580\/revisions"}],"predecessor-version":[{"id":204486,"href":"https:\/\/erfuhome.com\/fr\/wp-json\/wp\/v2\/product\/91580\/revisions\/204486"}],"wp:featuredmedia":[{"embeddable":true,"href":"https:\/\/erfuhome.com\/fr\/wp-json\/wp\/v2\/media\/56234"}],"wp:attachment":[{"href":"https:\/\/erfuhome.com\/fr\/wp-json\/wp\/v2\/media?parent=91580"}],"wp:term":[{"taxonomy":"product_brand","embeddable":true,"href":"https:\/\/erfuhome.com\/fr\/wp-json\/wp\/v2\/product_brand?post=91580"},{"taxonomy":"product_cat","embeddable":true,"href":"https:\/\/erfuhome.com\/fr\/wp-json\/wp\/v2\/product_cat?post=91580"},{"taxonomy":"product_tag","embeddable":true,"href":"https:\/\/erfuhome.com\/fr\/wp-json\/wp\/v2\/product_tag?post=91580"}],"curies":[{"name":"wp","href":"https:\/\/api.w.org\/{rel}","templated":true}]}}