{"id":91668,"date":"2025-11-07T19:57:35","date_gmt":"2025-11-07T19:57:35","guid":{"rendered":"https:\/\/erfuhome.com\/?post_type=product&#038;p=91668"},"modified":"2026-02-22T00:52:16","modified_gmt":"2026-02-22T00:52:16","slug":"bidet-suspendu-fixation-dissimulee","status":"publish","type":"product","link":"https:\/\/erfuhome.com\/fr\/produit\/bidet-suspendu-fixation-dissimulee\/","title":{"rendered":"Module Wc Teceprofil Avec Reservoir Uni 2.0, Hauteur 820 Mm"},"content":{"rendered":"<p>Module WC avec montage de plaque de commande \u201ceasy fit\u201d and conduit to connect electronic shower toilets. For attaching to TECEprofil section tubes or as pre-wall or corner modules.<\/p>\n<p><strong>Uni cistern for front or top actuation:<\/strong>&nbsp;<\/p>\n<ul>\n<li>Safety tank made of impact-resistant plastic, tested to EN 14055&nbsp;<\/li>\n<li>R\u00e9servoir enti\u00e8rement pr\u00e9-assembl\u00e9 and sealed.&nbsp;<\/li>\n<li>Cistern connection with outer thread R 1\/2&Prime; at the side, compatible with quick adapters&nbsp;<\/li>\n<li>10 litre tank volume; 6 litre pre-set standard flush volume, 4.5\/7.5\/9-litre flush volume can be set at any time; 3-litre partial flush volume for dual-flush system; remaining volume can be used for immediate cleaning flush.&nbsp;<\/li>\n<li>Insulated against condensation water.<\/li>\n<li>For TECE plaque de commandes and toilet flush handle&nbsp;<\/li>\n<li>Can be used as a single or dual-flush cistern &nbsp;<\/li>\n<li>\u201ceasy fit\u201d plaque de commande installation&nbsp; Installation tunnel for service opening, can be shortened without tools<\/li>\n<li>Low-noise hydraulic filling valve, fitting group 1 according to DIN&nbsp;4109<\/li>\n<\/ul>\n<p><strong>Module frame:&nbsp;<\/strong><\/p>\n<ul>\n<li>Self-supporting, powder-coated&nbsp;<\/li>\n<li>Two M 12 retaining bolts and nuts&nbsp;<\/li>\n<li>Toilet drain bend DN 90 with joint adapter DN 90\/100, made of PP&nbsp;<\/li>\n<li>Joint adapter also suitable for horizontal installation&nbsp;<\/li>\n<li>Toilet connection set DN 90 WC connection box including shell protection and conduit for universal shower WC connection (check position), with junction box and cover for transformer.<\/li>\n<\/ul>\n<div class=\"product-downloads\" style=\"margin-top: 20px;border-top: 1px solid #eee;padding-top: 15px\">\n<h3>Downloads &amp; Documents<\/h3>\n<table class=\"wp-block-table is-style-stripes\">\n<tbody>\n<tr>\n<td><strong>9300301-manual<\/strong><\/td>\n<td><a href=\"https:\/\/www.versagroup.be\/fr\/mwdownloads\/1bd161ee07694778b45ac7826a2d3c0e\" target=\"_blank\" rel=\"noopener\">Download PDF<\/a><\/td>\n<\/tr>\n<tr>\n<td><strong>KIWA-Certificate-flushingcisterns<\/strong><\/td>\n<td><a href=\"https:\/\/www.versagroup.be\/fr\/mwdownloads\/01963926305072988219237e4a28bedf\" target=\"_blank\" rel=\"noopener\">Download PDF<\/a><\/td>\n<\/tr>\n<tr>\n<td><strong>pr230_instalation<\/strong><\/td>\n<td><a href=\"https:\/\/www.versagroup.be\/fr\/mwdownloads\/fb2ec06111bf4062ada21354546fd8c6\" target=\"_blank\" rel=\"noopener\">Download PDF<\/a><\/td>\n<\/tr>\n<tr>\n<td><strong>TECE modules Belgaqua 150623 &#8211; 150628<\/strong><\/td>\n<td><a href=\"https:\/\/www.versagroup.be\/fr\/mwdownloads\/019639d4b58f78ffa20f4563c09f75e7\" target=\"_blank\" rel=\"noopener\">Download PDF<\/a><\/td>\n<\/tr>\n<tr>\n<td><strong>TECE reservoirs &#8211; Belgaqua-certificate tem 051230<\/strong><\/td>\n<td><a href=\"https:\/\/www.versagroup.be\/fr\/mwdownloads\/019b35b82aaa705e86faee4633b23f8b\" target=\"_blank\" rel=\"noopener\">Download PDF<\/a><\/td>\n<\/tr>\n<\/tbody>\n<\/table>\n<\/div>\n","protected":false},"excerpt":{"rendered":"<p>Toilet module including \u201ceasy fit\u201d flush plate installation and conduit to connect electronic shower toilets. For attaching to TECEprofil section tubes or as pre-wall or corner modules.<\/p>\n<p><strong>Uni cistern for front or top actuation:<\/strong>&nbsp;<\/p>\n<ul>\n<li>Safety tank made of impact-resistant plastic, tested to EN 14055&nbsp;<\/li>\n<li>Cistern fully pre-assembled and sealed.&nbsp;<\/li>\n<li>Cistern connection with outer thread R 1\/2&#8243; at the side, compatible with quick adapters&nbsp;<\/li>\n<li>10 litre tank volume; 6 litre pre-set standard flush volume, 4.5\/7.5\/9-litre flush volume can be set at any time; 3-litre partial flush volume for dual-flush system; remaining volume can be used for immediate cleaning flush.&nbsp;<\/li>\n<li>Insulated against condensation water.<\/li>\n<li>For TECE flush plates and toilet flush handle&nbsp;<\/li>\n<li>Can be used as a single or dual-flush cistern &nbsp;<\/li>\n<li>\u201ceasy fit\u201d flush plate installation&nbsp; Installation tunnel for service opening, can be shortened without tools<\/li>\n<li>Low-noise hydraulic filling valve, fitting group 1 according to DIN&nbsp;4109<\/li>\n<\/ul>\n<p><strong>Module frame:&nbsp;<\/strong><\/p>\n<ul>\n<li>Self-supporting, powder-coated&nbsp;<\/li>\n<li>Two M 12 retaining bolts and nuts&nbsp;<\/li>\n<li>Toilet drain bend DN 90 with joint adapter DN 90\/100, made of PP&nbsp;<\/li>\n<li>Joint adapter also suitable for horizontal installation&nbsp;<\/li>\n<li>Toilet connection set DN 90 WC connection box including shell protection and conduit for universal shower WC connection (check position), with junction box and cover for transformer.<\/li>\n<\/ul>\n","protected":false},"featured_media":56374,"comment_status":"open","ping_status":"closed","template":"","meta":[],"product_brand":[11011],"product_cat":[10768,10604,10772],"product_tag":[],"class_list":{"0":"post-91668","1":"product","2":"type-product","3":"status-publish","4":"has-post-thumbnail","6":"product_brand-tece","7":"product_cat-cadres-de-montage-pour-toilettes","8":"product_cat-sanitaire","9":"product_cat-toilettes-fr","11":"first","12":"instock","13":"sale","14":"taxable","15":"shipping-taxable","16":"purchasable","17":"product-type-simple"},"_links":{"self":[{"href":"https:\/\/erfuhome.com\/fr\/wp-json\/wp\/v2\/product\/91668","targetHints":{"allow":["GET"]}}],"collection":[{"href":"https:\/\/erfuhome.com\/fr\/wp-json\/wp\/v2\/product"}],"about":[{"href":"https:\/\/erfuhome.com\/fr\/wp-json\/wp\/v2\/types\/product"}],"replies":[{"embeddable":true,"href":"https:\/\/erfuhome.com\/fr\/wp-json\/wp\/v2\/comments?post=91668"}],"version-history":[{"count":1,"href":"https:\/\/erfuhome.com\/fr\/wp-json\/wp\/v2\/product\/91668\/revisions"}],"predecessor-version":[{"id":204530,"href":"https:\/\/erfuhome.com\/fr\/wp-json\/wp\/v2\/product\/91668\/revisions\/204530"}],"wp:featuredmedia":[{"embeddable":true,"href":"https:\/\/erfuhome.com\/fr\/wp-json\/wp\/v2\/media\/56374"}],"wp:attachment":[{"href":"https:\/\/erfuhome.com\/fr\/wp-json\/wp\/v2\/media?parent=91668"}],"wp:term":[{"taxonomy":"product_brand","embeddable":true,"href":"https:\/\/erfuhome.com\/fr\/wp-json\/wp\/v2\/product_brand?post=91668"},{"taxonomy":"product_cat","embeddable":true,"href":"https:\/\/erfuhome.com\/fr\/wp-json\/wp\/v2\/product_cat?post=91668"},{"taxonomy":"product_tag","embeddable":true,"href":"https:\/\/erfuhome.com\/fr\/wp-json\/wp\/v2\/product_tag?post=91668"}],"curies":[{"name":"wp","href":"https:\/\/api.w.org\/{rel}","templated":true}]}}