{"id":91696,"date":"2025-11-07T19:58:37","date_gmt":"2025-11-07T19:58:37","guid":{"rendered":"https:\/\/erfuhome.com\/?post_type=product&#038;p=91696"},"modified":"2026-02-22T00:52:27","modified_gmt":"2026-02-22T00:52:27","slug":"panneau-etanche-aloni-pour-wc-suspendu-mdf-pre-perce-adapte-aux-citernes-encastrables-geberit-122x100cx15-cm","status":"publish","type":"product","link":"https:\/\/erfuhome.com\/fr\/produit\/panneau-etanche-aloni-pour-wc-suspendu-mdf-pre-perce-adapte-aux-citernes-encastrables-geberit-122x100cx15-cm\/","title":{"rendered":"Aloni Panneau R\u00e9sistant \u00c0 L&rsquo;eau Pour Wc Suspendu &#8211; Mdf &#8211; Pr\u00e9perfor\u00e9 &#8211; Compatible Avec R\u00e9servoirs Encastr\u00e9s Geberit &#8211; 122x100x1,5 Cm"},"content":{"rendered":"<p>Note: This water-resistant MDF panel is <b>only compatible with Geberit concealed cisterns.<br \/>\n<\/b><\/p>\n<div class=\"product-downloads\" style=\"margin-top: 20px;border-top: 1px solid #eee;padding-top: 15px\">\n<h3>Downloads &amp; Documents<\/h3>\n<table class=\"wp-block-table is-style-stripes\">\n<tbody>\n<tr>\n<td><strong>5404021907<\/strong><\/td>\n<td><a href=\"https:\/\/www.versagroup.be\/fr\/mwdownloads\/229ba2000fbc40479788f909ae0ffb6f\" target=\"_blank\" rel=\"noopener\">Download PDF<\/a><\/td>\n<\/tr>\n<tr>\n<td><strong>5404021907-technical-drawing<\/strong><\/td>\n<td><a href=\"https:\/\/www.versagroup.be\/fr\/mwdownloads\/01990f15115b718e95fab09478ba21ab\" target=\"_blank\" rel=\"noopener\">Download PDF<\/a><\/td>\n<\/tr>\n<\/tbody>\n<\/table>\n<\/div>\n","protected":false},"excerpt":{"rendered":"<p>Note: This water-resistant MDF panel is <b>only compatible with Geberit concealed cisterns.<br \/>\n<\/b><\/p>\n","protected":false},"featured_media":56423,"comment_status":"open","ping_status":"closed","template":"","meta":[],"product_brand":[11005],"product_cat":[10768,10604,10772],"product_tag":[],"class_list":{"0":"post-91696","1":"product","2":"type-product","3":"status-publish","4":"has-post-thumbnail","6":"product_brand-aloni","7":"product_cat-cadres-de-montage-pour-toilettes","8":"product_cat-sanitaire","9":"product_cat-toilettes-fr","10":"pa_height_cm-14023","11":"pa_height_cm-14865","12":"pa_weight_kg-13558","13":"pa_width_cm-1-8","15":"first","16":"instock","17":"sale","18":"taxable","19":"shipping-taxable","20":"purchasable","21":"product-type-simple"},"_links":{"self":[{"href":"https:\/\/erfuhome.com\/fr\/wp-json\/wp\/v2\/product\/91696","targetHints":{"allow":["GET"]}}],"collection":[{"href":"https:\/\/erfuhome.com\/fr\/wp-json\/wp\/v2\/product"}],"about":[{"href":"https:\/\/erfuhome.com\/fr\/wp-json\/wp\/v2\/types\/product"}],"replies":[{"embeddable":true,"href":"https:\/\/erfuhome.com\/fr\/wp-json\/wp\/v2\/comments?post=91696"}],"version-history":[{"count":1,"href":"https:\/\/erfuhome.com\/fr\/wp-json\/wp\/v2\/product\/91696\/revisions"}],"predecessor-version":[{"id":204544,"href":"https:\/\/erfuhome.com\/fr\/wp-json\/wp\/v2\/product\/91696\/revisions\/204544"}],"wp:featuredmedia":[{"embeddable":true,"href":"https:\/\/erfuhome.com\/fr\/wp-json\/wp\/v2\/media\/56423"}],"wp:attachment":[{"href":"https:\/\/erfuhome.com\/fr\/wp-json\/wp\/v2\/media?parent=91696"}],"wp:term":[{"taxonomy":"product_brand","embeddable":true,"href":"https:\/\/erfuhome.com\/fr\/wp-json\/wp\/v2\/product_brand?post=91696"},{"taxonomy":"product_cat","embeddable":true,"href":"https:\/\/erfuhome.com\/fr\/wp-json\/wp\/v2\/product_cat?post=91696"},{"taxonomy":"product_tag","embeddable":true,"href":"https:\/\/erfuhome.com\/fr\/wp-json\/wp\/v2\/product_tag?post=91696"}],"curies":[{"name":"wp","href":"https:\/\/api.w.org\/{rel}","templated":true}]}}