{"id":91702,"date":"2025-11-07T19:58:50","date_gmt":"2025-11-07T19:58:50","guid":{"rendered":"https:\/\/erfuhome.com\/?post_type=product&#038;p=91702"},"modified":"2026-02-22T00:52:29","modified_gmt":"2026-02-22T00:52:29","slug":"mecanisme-de-double-chasse-avec-cable","status":"publish","type":"product","link":"https:\/\/erfuhome.com\/fr\/produit\/mecanisme-de-double-chasse-avec-cable\/","title":{"rendered":"Double M\u00e9canisme Avec C\u00e2ble"},"content":{"rendered":"<p>Application: for C\u00e9ramique cistern . Product Specification: 3\/6 liter double flush with cable inlet mechanism Note: During installation, the product&rsquo;s dimensions should be measured if precision is required.<\/p>\n","protected":false},"excerpt":{"rendered":"<p>Application: for ceramic cistern . Product Specification: 3\/6 liter double flush with cable inlet mechanism Note: During installation, the product&#8217;s dimensions should be measured if precision is required.<\/p>\n","protected":false},"featured_media":56432,"comment_status":"open","ping_status":"closed","template":"","meta":[],"product_brand":[],"product_cat":[10766,10604,10772],"product_tag":[],"class_list":{"0":"post-91702","1":"product","2":"type-product","3":"status-publish","4":"has-post-thumbnail","6":"product_cat-mcanismes-de-toilettes","7":"product_cat-sanitaire","8":"product_cat-toilettes-fr","10":"first","11":"instock","12":"sale","13":"taxable","14":"shipping-taxable","15":"purchasable","16":"product-type-simple"},"_links":{"self":[{"href":"https:\/\/erfuhome.com\/fr\/wp-json\/wp\/v2\/product\/91702","targetHints":{"allow":["GET"]}}],"collection":[{"href":"https:\/\/erfuhome.com\/fr\/wp-json\/wp\/v2\/product"}],"about":[{"href":"https:\/\/erfuhome.com\/fr\/wp-json\/wp\/v2\/types\/product"}],"replies":[{"embeddable":true,"href":"https:\/\/erfuhome.com\/fr\/wp-json\/wp\/v2\/comments?post=91702"}],"version-history":[{"count":1,"href":"https:\/\/erfuhome.com\/fr\/wp-json\/wp\/v2\/product\/91702\/revisions"}],"predecessor-version":[{"id":204547,"href":"https:\/\/erfuhome.com\/fr\/wp-json\/wp\/v2\/product\/91702\/revisions\/204547"}],"wp:featuredmedia":[{"embeddable":true,"href":"https:\/\/erfuhome.com\/fr\/wp-json\/wp\/v2\/media\/56432"}],"wp:attachment":[{"href":"https:\/\/erfuhome.com\/fr\/wp-json\/wp\/v2\/media?parent=91702"}],"wp:term":[{"taxonomy":"product_brand","embeddable":true,"href":"https:\/\/erfuhome.com\/fr\/wp-json\/wp\/v2\/product_brand?post=91702"},{"taxonomy":"product_cat","embeddable":true,"href":"https:\/\/erfuhome.com\/fr\/wp-json\/wp\/v2\/product_cat?post=91702"},{"taxonomy":"product_tag","embeddable":true,"href":"https:\/\/erfuhome.com\/fr\/wp-json\/wp\/v2\/product_tag?post=91702"}],"curies":[{"name":"wp","href":"https:\/\/api.w.org\/{rel}","templated":true}]}}