{"id":91766,"date":"2025-11-07T20:00:57","date_gmt":"2025-11-07T20:00:57","guid":{"rendered":"https:\/\/erfuhome.com\/?post_type=product&#038;p=91766"},"modified":"2026-02-22T00:52:54","modified_gmt":"2026-02-22T00:52:54","slug":"stria-mitigeur-de-lavabo-a-encastrer-a-encastrer-demarrage-a-froid-sans-dechet","status":"publish","type":"product","link":"https:\/\/erfuhome.com\/fr\/produit\/stria-mitigeur-de-lavabo-a-encastrer-a-encastrer-demarrage-a-froid-sans-dechet\/","title":{"rendered":"Stria \u00c9l\u00e9ment Encastr\u00e9 Mitigeur Lavabo \u2013 Encastr\u00e9 \u2013 D\u00e9marrage \u00c0 Froid \u2013 Sans Bonde"},"content":{"rendered":"<p>The <strong>Stria concealed module for the built-in basin mixer<\/strong>, made of <strong>high-quality brushed Acier inoxydable<\/strong>, is equipped with a Cold Start function, ensuring the tap always opens with cold water \u2013 a smart way to <strong>save energy<\/strong> and reduce unnecessary hot-water consumption.<\/p>\n<p>Inside, the <strong>European Sedal cartridge of superior quality<\/strong> guarantees <strong>smooth operation, precise temperature control and long-lasting reliability<\/strong>. The Stria basin mixer without pop-up waste is fitted with an <strong>aerator<\/strong> that delivers a soft, even water flow for optimal comfort in daily use.<\/p>\n<p><strong>Combine it with other Stria and Uniforma products<\/strong> for a stylish, harmonious and refined finish to your bathroom.<\/p>\n<p><strong>Main advantages:<\/strong><\/p>\n<ul>\n<li>Concealed module Fabriqu\u00e9 en acier inoxydable de haute qualit\u00e9 (finishing set sold separately)<\/li>\n<li>Cold Start technology for energy saving<\/li>\n<li>European Sedal cartridge \u2013 smooth, precise and reliable<\/li>\n<\/ul>\n<p><strong>Note:<\/strong> This item refers to the concealed module of the tap. The matching finishing set must be ordered separately.<\/p>\n<div class=\"product-downloads\" style=\"margin-top: 20px;border-top: 1px solid #eee;padding-top: 15px\">\n<h3>Downloads &amp; Documents<\/h3>\n<table class=\"wp-block-table is-style-stripes\">\n<tbody>\n<tr>\n<td><strong>PRM1415_installation_manual<\/strong><\/td>\n<td><a href=\"https:\/\/www.versagroup.be\/fr\/mwdownloads\/0199f0e9d0177862a612711715dd3b47\" target=\"_blank\" rel=\"noopener\">Download PDF<\/a><\/td>\n<\/tr>\n<tr>\n<td><strong>PRM1415-001-technical-drawing<\/strong><\/td>\n<td><a href=\"https:\/\/www.versagroup.be\/fr\/mwdownloads\/01990f183bff72c298c340dfe5d8d09e\" target=\"_blank\" rel=\"noopener\">Download PDF<\/a><\/td>\n<\/tr>\n<\/tbody>\n<\/table>\n<\/div>\n","protected":false},"excerpt":{"rendered":"<p>The <strong>Stria concealed module for the built-in basin mixer<\/strong>, made of <strong>high-quality brushed stainless steel<\/strong>, is equipped with a Cold Start function, ensuring the tap always opens with cold water \u2013 a smart way to <strong>save energy<\/strong> and reduce unnecessary hot-water consumption.<\/p>\n<p>Inside, the <strong>European Sedal cartridge of superior quality<\/strong> guarantees <strong>smooth operation, precise temperature control and long-lasting reliability<\/strong>. The Stria basin mixer without pop-up waste is fitted with an <strong>aerator<\/strong> that delivers a soft, even water flow for optimal comfort in daily use.<\/p>\n<p><strong>Combine it with other Stria and Uniforma products<\/strong> for a stylish, harmonious and refined finish to your bathroom.<\/p>\n<p><strong>Main advantages:<\/strong><\/p>\n<ul>\n<li>Concealed module made of high-quality stainless steel (finishing set sold separately)<\/li>\n<li>Cold Start technology for energy saving<\/li>\n<li>European Sedal cartridge \u2013 smooth, precise and reliable<\/li>\n<\/ul>\n<p><strong>Note:<\/strong> This item refers to the concealed module of the tap. The matching finishing set must be ordered separately.<\/p>\n","protected":false},"featured_media":56533,"comment_status":"open","ping_status":"closed","template":"","meta":[],"product_brand":[],"product_cat":[9956,9644,10604],"product_tag":[],"class_list":{"0":"post-91766","1":"product","2":"type-product","3":"status-publish","4":"has-post-thumbnail","6":"product_cat-robinets","7":"product_cat-robinets-encastrer","8":"product_cat-sanitaire","9":"pa_depth_mm-14608","10":"pa_series-stria","12":"first","13":"instock","14":"sale","15":"taxable","16":"shipping-taxable","17":"purchasable","18":"product-type-simple"},"_links":{"self":[{"href":"https:\/\/erfuhome.com\/fr\/wp-json\/wp\/v2\/product\/91766","targetHints":{"allow":["GET"]}}],"collection":[{"href":"https:\/\/erfuhome.com\/fr\/wp-json\/wp\/v2\/product"}],"about":[{"href":"https:\/\/erfuhome.com\/fr\/wp-json\/wp\/v2\/types\/product"}],"replies":[{"embeddable":true,"href":"https:\/\/erfuhome.com\/fr\/wp-json\/wp\/v2\/comments?post=91766"}],"version-history":[{"count":1,"href":"https:\/\/erfuhome.com\/fr\/wp-json\/wp\/v2\/product\/91766\/revisions"}],"predecessor-version":[{"id":204574,"href":"https:\/\/erfuhome.com\/fr\/wp-json\/wp\/v2\/product\/91766\/revisions\/204574"}],"wp:featuredmedia":[{"embeddable":true,"href":"https:\/\/erfuhome.com\/fr\/wp-json\/wp\/v2\/media\/56533"}],"wp:attachment":[{"href":"https:\/\/erfuhome.com\/fr\/wp-json\/wp\/v2\/media?parent=91766"}],"wp:term":[{"taxonomy":"product_brand","embeddable":true,"href":"https:\/\/erfuhome.com\/fr\/wp-json\/wp\/v2\/product_brand?post=91766"},{"taxonomy":"product_cat","embeddable":true,"href":"https:\/\/erfuhome.com\/fr\/wp-json\/wp\/v2\/product_cat?post=91766"},{"taxonomy":"product_tag","embeddable":true,"href":"https:\/\/erfuhome.com\/fr\/wp-json\/wp\/v2\/product_tag?post=91766"}],"curies":[{"name":"wp","href":"https:\/\/api.w.org\/{rel}","templated":true}]}}