{"id":91906,"date":"2025-11-07T20:07:38","date_gmt":"2025-11-07T20:07:38","guid":{"rendered":"https:\/\/erfuhome.com\/?post_type=product&#038;p=91906"},"modified":"2026-02-22T00:53:53","modified_gmt":"2026-02-22T00:53:53","slug":"aloni-cross-valve-darret-dangle-integree-12x12-chrome","status":"publish","type":"product","link":"https:\/\/erfuhome.com\/fr\/produit\/aloni-cross-valve-darret-dangle-integree-12x12-chrome\/","title":{"rendered":"Aloni Cross Robinet Darr\u00e3\u0161t Encastr\u00e3\u2030 1\/2 X 1\/2 &#8211; Chrome"},"content":{"rendered":"<\/div>\n<\/div>\n<\/div>\n<div class=\"product-downloads\" style=\"margin-top: 20px;border-top: 1px solid #eee;padding-top: 15px\">\n<h3>Downloads &amp; Documents<\/h3>\n<table class=\"wp-block-table is-style-stripes\">\n<tbody>\n<tr>\n<td><strong>TM69220<\/strong><\/td>\n<td><a href=\"https:\/\/www.versagroup.be\/fr\/mwdownloads\/5d3917d88b804473812481b689b95eed\" target=\"_blank\" rel=\"noopener\">Download PDF<\/a><\/td>\n<\/tr>\n<tr>\n<td><strong>TM69220-technical-drawing<\/strong><\/td>\n<td><a href=\"https:\/\/www.versagroup.be\/fr\/mwdownloads\/01990f19a025720182215b24e5dc9b81\" target=\"_blank\" rel=\"noopener\">Download PDF<\/a><\/td>\n<\/tr>\n<\/tbody>\n<\/table>\n<\/div>\n","protected":false},"excerpt":{"rendered":"<p>Downloads &amp; Documents TM69220 Download PDF TM69220-technical-drawing Download PDF<\/p>\n","protected":false},"featured_media":56768,"comment_status":"open","ping_status":"closed","template":"","meta":[],"product_brand":[11005],"product_cat":[9956,9504,10604],"product_tag":[],"class_list":{"0":"post-91906","1":"product","2":"type-product","3":"status-publish","4":"has-post-thumbnail","6":"product_brand-aloni","7":"product_cat-robinets","8":"product_cat-robinets-de-bidet","9":"product_cat-sanitaire","10":"pa_weight_kg-13982","12":"first","13":"instock","14":"sale","15":"taxable","16":"shipping-taxable","17":"purchasable","18":"product-type-simple"},"_links":{"self":[{"href":"https:\/\/erfuhome.com\/fr\/wp-json\/wp\/v2\/product\/91906","targetHints":{"allow":["GET"]}}],"collection":[{"href":"https:\/\/erfuhome.com\/fr\/wp-json\/wp\/v2\/product"}],"about":[{"href":"https:\/\/erfuhome.com\/fr\/wp-json\/wp\/v2\/types\/product"}],"replies":[{"embeddable":true,"href":"https:\/\/erfuhome.com\/fr\/wp-json\/wp\/v2\/comments?post=91906"}],"version-history":[{"count":1,"href":"https:\/\/erfuhome.com\/fr\/wp-json\/wp\/v2\/product\/91906\/revisions"}],"predecessor-version":[{"id":204644,"href":"https:\/\/erfuhome.com\/fr\/wp-json\/wp\/v2\/product\/91906\/revisions\/204644"}],"wp:featuredmedia":[{"embeddable":true,"href":"https:\/\/erfuhome.com\/fr\/wp-json\/wp\/v2\/media\/56768"}],"wp:attachment":[{"href":"https:\/\/erfuhome.com\/fr\/wp-json\/wp\/v2\/media?parent=91906"}],"wp:term":[{"taxonomy":"product_brand","embeddable":true,"href":"https:\/\/erfuhome.com\/fr\/wp-json\/wp\/v2\/product_brand?post=91906"},{"taxonomy":"product_cat","embeddable":true,"href":"https:\/\/erfuhome.com\/fr\/wp-json\/wp\/v2\/product_cat?post=91906"},{"taxonomy":"product_tag","embeddable":true,"href":"https:\/\/erfuhome.com\/fr\/wp-json\/wp\/v2\/product_tag?post=91906"}],"curies":[{"name":"wp","href":"https:\/\/api.w.org\/{rel}","templated":true}]}}