{"id":92116,"date":"2025-11-23T19:57:55","date_gmt":"2025-11-23T19:57:55","guid":{"rendered":"https:\/\/erfuhome.com\/?post_type=product&#038;p=92116"},"modified":"2026-02-22T00:55:23","modified_gmt":"2026-02-22T00:55:23","slug":"boitier-simple-encastre-avec-raccord-a-sertir-12-x-16-mm","status":"publish","type":"product","link":"https:\/\/erfuhome.com\/fr\/produit\/boitier-simple-encastre-avec-raccord-a-sertir-12-x-16-mm\/","title":{"rendered":"Bo\u00eetier Simple Encastr\u00e9 Avec Raccord \u00c0 Sertir 1\/2 X 16 Mm"},"content":{"rendered":"","protected":false},"excerpt":{"rendered":"","protected":false},"featured_media":57117,"comment_status":"open","ping_status":"closed","template":"","meta":[],"product_brand":[],"product_cat":[9920],"product_tag":[],"class_list":{"0":"post-92116","1":"product","2":"type-product","3":"status-publish","4":"has-post-thumbnail","6":"product_cat-offres-spciales-erfu","8":"first","9":"instock","10":"taxable","11":"shipping-taxable","12":"purchasable","13":"product-type-simple"},"_links":{"self":[{"href":"https:\/\/erfuhome.com\/fr\/wp-json\/wp\/v2\/product\/92116","targetHints":{"allow":["GET"]}}],"collection":[{"href":"https:\/\/erfuhome.com\/fr\/wp-json\/wp\/v2\/product"}],"about":[{"href":"https:\/\/erfuhome.com\/fr\/wp-json\/wp\/v2\/types\/product"}],"replies":[{"embeddable":true,"href":"https:\/\/erfuhome.com\/fr\/wp-json\/wp\/v2\/comments?post=92116"}],"version-history":[{"count":0,"href":"https:\/\/erfuhome.com\/fr\/wp-json\/wp\/v2\/product\/92116\/revisions"}],"wp:featuredmedia":[{"embeddable":true,"href":"https:\/\/erfuhome.com\/fr\/wp-json\/wp\/v2\/media\/57117"}],"wp:attachment":[{"href":"https:\/\/erfuhome.com\/fr\/wp-json\/wp\/v2\/media?parent=92116"}],"wp:term":[{"taxonomy":"product_brand","embeddable":true,"href":"https:\/\/erfuhome.com\/fr\/wp-json\/wp\/v2\/product_brand?post=92116"},{"taxonomy":"product_cat","embeddable":true,"href":"https:\/\/erfuhome.com\/fr\/wp-json\/wp\/v2\/product_cat?post=92116"},{"taxonomy":"product_tag","embeddable":true,"href":"https:\/\/erfuhome.com\/fr\/wp-json\/wp\/v2\/product_tag?post=92116"}],"curies":[{"name":"wp","href":"https:\/\/api.w.org\/{rel}","templated":true}]}}