{"id":92128,"date":"2025-11-23T20:12:49","date_gmt":"2025-11-23T20:12:49","guid":{"rendered":"https:\/\/erfuhome.com\/?post_type=product&#038;p=92128"},"modified":"2026-02-22T00:55:24","modified_gmt":"2026-02-22T00:55:24","slug":"raccord-a-sertir-multicouche-erfu-culasse-simple-femelle-20-mm-x-12-raccord-a-presser-certifie-dvgw-multi-profils-uhth","status":"publish","type":"product","link":"https:\/\/erfuhome.com\/fr\/produit\/raccord-a-sertir-multicouche-erfu-culasse-simple-femelle-20-mm-x-12-raccord-a-presser-certifie-dvgw-multi-profils-uhth\/","title":{"rendered":"Raccord \u00c0 Sertir Multicouche Erfu \u2013 Culasse Simple Femelle 20 Mm X 1\/2&Prime; \u2013 Raccord \u00c0 Presser Certifi\u00e9 Dvgw, Multi-Profils U\/H\/Th"},"content":{"rendered":"<p><strong>Erfu raccord multicouche \u00e0 sertir 1\/2F-V x 20 MM \u2013 press fitting certifi\u00e9 DVGW, multi-profils U\/H\/TH<\/strong><\/p>\n<p>Le raccord <strong>Erfu<\/strong> est con\u00e7u pour des installations sanitaires et de chauffage fiables et durables. Compatible <strong>multi-profils (U, H, TH)<\/strong>, il fonctionne avec la majorit\u00e9 des pinces \u00e0 sertir du march\u00e9. Certifi\u00e9 <strong>DVGW<\/strong>, il garantit une \u00e9tanch\u00e9it\u00e9 et une s\u00e9curit\u00e9 optimales.<\/p>\n<ul>\n<li>Corps en laiton robuste et bague de maintien en HDPE<\/li>\n<li>Double joint torique pour une \u00e9tanch\u00e9it\u00e9 parfaite apr\u00e8s sertissage<\/li>\n<li>Protection anti-\u00e9lectrolyse entre tube multicouche et laiton<\/li>\n<li>Installation rapide, orientation ais\u00e9e et montage s\u00fbr<\/li>\n<li>Alternative \u00e9conomique et fiable aux grandes marques comme <\/li>\n<\/ul>\n<p>Avec <strong>Erfu<\/strong>, profitez d\u2019un raccord multicouche de qualit\u00e9 professionnelle, simple \u00e0 installer et propos\u00e9 \u00e0 un excellent rapport qualit\u00e9-prix.<\/p>\n","protected":false},"excerpt":{"rendered":"<p>Erfu raccord multicouche \u00e0 sertir 1\/2F-V x 20 MM \u2013 press fitting certifi\u00e9 DVGW, multi-profils U\/H\/TH Le raccord Erfu est<\/p>\n","protected":false},"featured_media":57135,"comment_status":"open","ping_status":"closed","template":"","meta":[],"product_brand":[],"product_cat":[9868,9920],"product_tag":[],"class_list":{"0":"post-92128","1":"product","2":"type-product","3":"status-publish","4":"has-post-thumbnail","6":"product_cat-coude-90-femelle","7":"product_cat-offres-spciales-erfu","9":"first","10":"instock","11":"taxable","12":"shipping-taxable","13":"purchasable","14":"product-type-simple"},"_links":{"self":[{"href":"https:\/\/erfuhome.com\/fr\/wp-json\/wp\/v2\/product\/92128","targetHints":{"allow":["GET"]}}],"collection":[{"href":"https:\/\/erfuhome.com\/fr\/wp-json\/wp\/v2\/product"}],"about":[{"href":"https:\/\/erfuhome.com\/fr\/wp-json\/wp\/v2\/types\/product"}],"replies":[{"embeddable":true,"href":"https:\/\/erfuhome.com\/fr\/wp-json\/wp\/v2\/comments?post=92128"}],"version-history":[{"count":0,"href":"https:\/\/erfuhome.com\/fr\/wp-json\/wp\/v2\/product\/92128\/revisions"}],"wp:featuredmedia":[{"embeddable":true,"href":"https:\/\/erfuhome.com\/fr\/wp-json\/wp\/v2\/media\/57135"}],"wp:attachment":[{"href":"https:\/\/erfuhome.com\/fr\/wp-json\/wp\/v2\/media?parent=92128"}],"wp:term":[{"taxonomy":"product_brand","embeddable":true,"href":"https:\/\/erfuhome.com\/fr\/wp-json\/wp\/v2\/product_brand?post=92128"},{"taxonomy":"product_cat","embeddable":true,"href":"https:\/\/erfuhome.com\/fr\/wp-json\/wp\/v2\/product_cat?post=92128"},{"taxonomy":"product_tag","embeddable":true,"href":"https:\/\/erfuhome.com\/fr\/wp-json\/wp\/v2\/product_tag?post=92128"}],"curies":[{"name":"wp","href":"https:\/\/api.w.org\/{rel}","templated":true}]}}