{"id":92140,"date":"2025-11-23T20:18:09","date_gmt":"2025-11-23T20:18:09","guid":{"rendered":"https:\/\/erfuhome.com\/?post_type=product&#038;p=92140"},"modified":"2026-02-22T00:55:26","modified_gmt":"2026-02-22T00:55:26","slug":"te-reduit-a-sertissage-multicouche-erfu-26-mm-x-16-mm-x-26-mm-raccord-a-pression-certifie-dvgw-multi-profils-uhth","status":"publish","type":"product","link":"https:\/\/erfuhome.com\/fr\/produit\/te-reduit-a-sertissage-multicouche-erfu-26-mm-x-16-mm-x-26-mm-raccord-a-pression-certifie-dvgw-multi-profils-uhth\/","title":{"rendered":"T\u00e9 R\u00e9duit \u00c0 Sertissage Multicouche Erfu \u2013 26 Mm X 16 Mm X 26 Mm \u2013 Raccord \u00c0 Pression Certifi\u00e9 Dvgw, Multi-Profils U\/H\/Th"},"content":{"rendered":"<p><strong>Erfu manchon r\u00e9ducteur \u00e0 sertir multicouche 26 x 16 x 26 MM \u2013 certifi\u00e9 DVGW, multi-profils U\/H\/TH<\/strong><\/p>\n<p>Le raccord <strong>Erfu<\/strong> est con\u00e7u pour des installations sanitaires et de chauffage fiables et durables. Compatible <strong>multi-profils (U, H, TH)<\/strong>, il fonctionne avec la majorit\u00e9 des pinces \u00e0 sertir du march\u00e9. Certifi\u00e9 <strong>DVGW<\/strong>, il garantit une \u00e9tanch\u00e9it\u00e9 et une s\u00e9curit\u00e9 optimales.<\/p>\n<ul>\n<li>Corps en laiton robuste et bague de maintien en HDPE<\/li>\n<li>Double joint torique pour une \u00e9tanch\u00e9it\u00e9 parfaite apr\u00e8s sertissage<\/li>\n<li>Protection anti-\u00e9lectrolyse entre tube multicouche et laiton<\/li>\n<li>Installation rapide, orientation ais\u00e9e et montage s\u00fbr<\/li>\n<li>Alternative \u00e9conomique et fiable aux grandes marques <\/li>\n<\/ul>\n<p>Avec <strong>Erfu<\/strong>, profitez d\u2019un raccord multicouche de qualit\u00e9 professionnelle, simple \u00e0 installer et propos\u00e9 \u00e0 un excellent rapport qualit\u00e9-prix.<\/p>\n","protected":false},"excerpt":{"rendered":"<p>Erfu manchon r\u00e9ducteur \u00e0 sertir multicouche 26 x 16 x 26 MM \u2013 certifi\u00e9 DVGW, multi-profils U\/H\/TH Le raccord Erfu<\/p>\n","protected":false},"featured_media":57153,"comment_status":"open","ping_status":"closed","template":"","meta":[],"product_brand":[],"product_cat":[10576,9920,10454],"product_tag":[],"class_list":{"0":"post-92140","1":"product","2":"type-product","3":"status-publish","4":"has-post-thumbnail","6":"product_cat-manches-rduites","7":"product_cat-offres-spciales-erfu","8":"product_cat-raccords-sertir","10":"first","11":"instock","12":"taxable","13":"shipping-taxable","14":"purchasable","15":"product-type-simple"},"_links":{"self":[{"href":"https:\/\/erfuhome.com\/fr\/wp-json\/wp\/v2\/product\/92140","targetHints":{"allow":["GET"]}}],"collection":[{"href":"https:\/\/erfuhome.com\/fr\/wp-json\/wp\/v2\/product"}],"about":[{"href":"https:\/\/erfuhome.com\/fr\/wp-json\/wp\/v2\/types\/product"}],"replies":[{"embeddable":true,"href":"https:\/\/erfuhome.com\/fr\/wp-json\/wp\/v2\/comments?post=92140"}],"version-history":[{"count":0,"href":"https:\/\/erfuhome.com\/fr\/wp-json\/wp\/v2\/product\/92140\/revisions"}],"wp:featuredmedia":[{"embeddable":true,"href":"https:\/\/erfuhome.com\/fr\/wp-json\/wp\/v2\/media\/57153"}],"wp:attachment":[{"href":"https:\/\/erfuhome.com\/fr\/wp-json\/wp\/v2\/media?parent=92140"}],"wp:term":[{"taxonomy":"product_brand","embeddable":true,"href":"https:\/\/erfuhome.com\/fr\/wp-json\/wp\/v2\/product_brand?post=92140"},{"taxonomy":"product_cat","embeddable":true,"href":"https:\/\/erfuhome.com\/fr\/wp-json\/wp\/v2\/product_cat?post=92140"},{"taxonomy":"product_tag","embeddable":true,"href":"https:\/\/erfuhome.com\/fr\/wp-json\/wp\/v2\/product_tag?post=92140"}],"curies":[{"name":"wp","href":"https:\/\/api.w.org\/{rel}","templated":true}]}}