{"id":92244,"date":"2025-11-24T07:13:27","date_gmt":"2025-11-24T07:13:27","guid":{"rendered":"https:\/\/erfuhome.com\/?post_type=product&#038;p=92244"},"modified":"2026-02-22T00:55:45","modified_gmt":"2026-02-22T00:55:45","slug":"erfu-radiateur-de-salle-de-bain-raccord-central-seche-serviettes-radiateur-seche-serviettes-radiateur-a-tubes-blanc-1800-x-500-mm","status":"publish","type":"product","link":"https:\/\/erfuhome.com\/fr\/produit\/erfu-radiateur-de-salle-de-bain-raccord-central-seche-serviettes-radiateur-seche-serviettes-radiateur-a-tubes-blanc-1800-x-500-mm\/","title":{"rendered":"Erfu Radiateur De Salle De Bain Raccord Central &#8211; S\u00e8che-Serviettes &#8211; Radiateur &#8211; S\u00e8che-Serviettes &#8211; Radiateur \u00c0 Tubes (Blanc, 1800 X 500 Mm)"},"content":{"rendered":"","protected":false},"excerpt":{"rendered":"","protected":false},"featured_media":0,"comment_status":"open","ping_status":"closed","template":"","meta":[],"product_brand":[],"product_cat":[9920,10782,10774],"product_tag":[],"class_list":{"0":"post-92244","1":"product","2":"type-product","3":"status-publish","5":"product_cat-offres-spciales-erfu","6":"product_cat-radiateur-sche-serviettes","7":"product_cat-sche-serviettes","9":"first","10":"instock","11":"taxable","12":"shipping-taxable","13":"purchasable","14":"product-type-simple"},"_links":{"self":[{"href":"https:\/\/erfuhome.com\/fr\/wp-json\/wp\/v2\/product\/92244","targetHints":{"allow":["GET"]}}],"collection":[{"href":"https:\/\/erfuhome.com\/fr\/wp-json\/wp\/v2\/product"}],"about":[{"href":"https:\/\/erfuhome.com\/fr\/wp-json\/wp\/v2\/types\/product"}],"replies":[{"embeddable":true,"href":"https:\/\/erfuhome.com\/fr\/wp-json\/wp\/v2\/comments?post=92244"}],"version-history":[{"count":0,"href":"https:\/\/erfuhome.com\/fr\/wp-json\/wp\/v2\/product\/92244\/revisions"}],"wp:attachment":[{"href":"https:\/\/erfuhome.com\/fr\/wp-json\/wp\/v2\/media?parent=92244"}],"wp:term":[{"taxonomy":"product_brand","embeddable":true,"href":"https:\/\/erfuhome.com\/fr\/wp-json\/wp\/v2\/product_brand?post=92244"},{"taxonomy":"product_cat","embeddable":true,"href":"https:\/\/erfuhome.com\/fr\/wp-json\/wp\/v2\/product_cat?post=92244"},{"taxonomy":"product_tag","embeddable":true,"href":"https:\/\/erfuhome.com\/fr\/wp-json\/wp\/v2\/product_tag?post=92244"}],"curies":[{"name":"wp","href":"https:\/\/api.w.org\/{rel}","templated":true}]}}