{"id":92476,"date":"2025-11-24T07:27:09","date_gmt":"2025-11-24T07:27:09","guid":{"rendered":"https:\/\/erfuhome.com\/?post_type=product&#038;p=92476"},"modified":"2026-02-22T00:56:26","modified_gmt":"2026-02-22T00:56:26","slug":"25x-velcro-velcro-giraffe-patin-de-poncage-papier-abrasif-perfore-disque-de-poncage-o225mm-p220-gritt","status":"publish","type":"product","link":"https:\/\/erfuhome.com\/fr\/produit\/25x-velcro-velcro-giraffe-patin-de-poncage-papier-abrasif-perfore-disque-de-poncage-o225mm-p220-gritt\/","title":{"rendered":"25x Velcro Velcro Giraffe Patin De Pon\u00e7age Papier Abrasif Perfor\u00e9 Disque De Pon\u00e7age \u00d8225mm P220 Gritt"},"content":{"rendered":"","protected":false},"excerpt":{"rendered":"","protected":false},"featured_media":29664,"comment_status":"open","ping_status":"closed","template":"","meta":[],"product_brand":[],"product_cat":[10986,9920],"product_tag":[15038],"class_list":{"0":"post-92476","1":"product","2":"type-product","3":"status-publish","4":"has-post-thumbnail","6":"product_cat-atelier","7":"product_cat-offres-spciales-erfu","8":"product_tag-livraison-gratuite","10":"first","11":"instock","12":"taxable","13":"shipping-taxable","14":"purchasable","15":"product-type-simple"},"_links":{"self":[{"href":"https:\/\/erfuhome.com\/fr\/wp-json\/wp\/v2\/product\/92476","targetHints":{"allow":["GET"]}}],"collection":[{"href":"https:\/\/erfuhome.com\/fr\/wp-json\/wp\/v2\/product"}],"about":[{"href":"https:\/\/erfuhome.com\/fr\/wp-json\/wp\/v2\/types\/product"}],"replies":[{"embeddable":true,"href":"https:\/\/erfuhome.com\/fr\/wp-json\/wp\/v2\/comments?post=92476"}],"version-history":[{"count":0,"href":"https:\/\/erfuhome.com\/fr\/wp-json\/wp\/v2\/product\/92476\/revisions"}],"wp:featuredmedia":[{"embeddable":true,"href":"https:\/\/erfuhome.com\/fr\/wp-json\/wp\/v2\/media\/29664"}],"wp:attachment":[{"href":"https:\/\/erfuhome.com\/fr\/wp-json\/wp\/v2\/media?parent=92476"}],"wp:term":[{"taxonomy":"product_brand","embeddable":true,"href":"https:\/\/erfuhome.com\/fr\/wp-json\/wp\/v2\/product_brand?post=92476"},{"taxonomy":"product_cat","embeddable":true,"href":"https:\/\/erfuhome.com\/fr\/wp-json\/wp\/v2\/product_cat?post=92476"},{"taxonomy":"product_tag","embeddable":true,"href":"https:\/\/erfuhome.com\/fr\/wp-json\/wp\/v2\/product_tag?post=92476"}],"curies":[{"name":"wp","href":"https:\/\/api.w.org\/{rel}","templated":true}]}}