{"id":92492,"date":"2025-11-24T07:27:26","date_gmt":"2025-11-24T07:27:26","guid":{"rendered":"https:\/\/erfuhome.com\/?post_type=product&#038;p=92492"},"modified":"2026-02-22T00:56:28","modified_gmt":"2026-02-22T00:56:28","slug":"sac-a-dechets-sacs-a-debris-en-polypropylene-tisse-500-pieces-50x80cm","status":"publish","type":"product","link":"https:\/\/erfuhome.com\/fr\/produit\/sac-a-dechets-sacs-a-debris-en-polypropylene-tisse-500-pieces-50x80cm\/","title":{"rendered":"Sac \u00c0 D\u00e9chets Sacs \u00c0 D\u00e9bris En Polypropyl\u00e8ne Tiss\u00e9 500 Pi\u00e8ces 50x80cm"},"content":{"rendered":"<p>Tear-resistant Debris bags made of woven polypropylene.<\/p>\n<p>Suitable for construction waste or your garden waste debris.<\/p>\n<p>500 pieces 50 x 80CM<\/p>\n<p>Double stitching at the bottom.<\/p>\n<p>Free Shipping<\/p>\n","protected":false},"excerpt":{"rendered":"<p>Tear-resistant Debris bags made of woven polypropylene. Suitable for construction waste or your garden waste debris. 500 pieces 50 x<\/p>\n","protected":false},"featured_media":29680,"comment_status":"open","ping_status":"closed","template":"","meta":[],"product_brand":[],"product_cat":[10754,9920,10588],"product_tag":[15038],"class_list":{"0":"post-92492","1":"product","2":"type-product","3":"status-publish","4":"has-post-thumbnail","6":"product_cat-accessoires-pour-carrelage","7":"product_cat-offres-spciales-erfu","8":"product_cat-sacs-de-gravats","9":"product_tag-livraison-gratuite","11":"first","12":"instock","13":"taxable","14":"shipping-taxable","15":"purchasable","16":"product-type-simple"},"_links":{"self":[{"href":"https:\/\/erfuhome.com\/fr\/wp-json\/wp\/v2\/product\/92492","targetHints":{"allow":["GET"]}}],"collection":[{"href":"https:\/\/erfuhome.com\/fr\/wp-json\/wp\/v2\/product"}],"about":[{"href":"https:\/\/erfuhome.com\/fr\/wp-json\/wp\/v2\/types\/product"}],"replies":[{"embeddable":true,"href":"https:\/\/erfuhome.com\/fr\/wp-json\/wp\/v2\/comments?post=92492"}],"version-history":[{"count":0,"href":"https:\/\/erfuhome.com\/fr\/wp-json\/wp\/v2\/product\/92492\/revisions"}],"wp:featuredmedia":[{"embeddable":true,"href":"https:\/\/erfuhome.com\/fr\/wp-json\/wp\/v2\/media\/29680"}],"wp:attachment":[{"href":"https:\/\/erfuhome.com\/fr\/wp-json\/wp\/v2\/media?parent=92492"}],"wp:term":[{"taxonomy":"product_brand","embeddable":true,"href":"https:\/\/erfuhome.com\/fr\/wp-json\/wp\/v2\/product_brand?post=92492"},{"taxonomy":"product_cat","embeddable":true,"href":"https:\/\/erfuhome.com\/fr\/wp-json\/wp\/v2\/product_cat?post=92492"},{"taxonomy":"product_tag","embeddable":true,"href":"https:\/\/erfuhome.com\/fr\/wp-json\/wp\/v2\/product_tag?post=92492"}],"curies":[{"name":"wp","href":"https:\/\/api.w.org\/{rel}","templated":true}]}}