{"id":92502,"date":"2025-11-24T07:27:37","date_gmt":"2025-11-24T07:27:37","guid":{"rendered":"https:\/\/erfuhome.com\/?post_type=product&#038;p=92502"},"modified":"2026-02-22T00:56:29","modified_gmt":"2026-02-22T00:56:29","slug":"erfu-membrane-impermeable-en-polyethylene-plastique-pour-salle-de-bains-rouleau-10m","status":"publish","type":"product","link":"https:\/\/erfuhome.com\/fr\/produit\/erfu-membrane-impermeable-en-polyethylene-plastique-pour-salle-de-bains-rouleau-10m\/","title":{"rendered":"Erfu Membrane Imperm\u00e9able En Poly\u00e9thyl\u00e8ne Plastique Pour Salle De Bains Rouleau 10m"},"content":{"rendered":"<p>Waterproof Membrane Polyethylene Plastic Roll.<br \/> Applicable to all humid places<\/p>\n<p>High Qualtiy<br \/>10 square meters A Quality<\/p>\n","protected":false},"excerpt":{"rendered":"<p>Waterproof Membrane Polyethylene Plastic Roll. Applicable to all humid places High Qualtiy10 square meters A Quality<\/p>\n","protected":false},"featured_media":165613,"comment_status":"open","ping_status":"closed","template":"","meta":[],"product_brand":[],"product_cat":[10622,10754,9920],"product_tag":[15038],"class_list":{"0":"post-92502","1":"product","2":"type-product","3":"status-publish","4":"has-post-thumbnail","6":"product_cat-accessoires-de-douche-fr","7":"product_cat-accessoires-pour-carrelage","8":"product_cat-offres-spciales-erfu","9":"product_tag-livraison-gratuite","11":"first","12":"instock","13":"taxable","14":"shipping-taxable","15":"purchasable","16":"product-type-simple"},"_links":{"self":[{"href":"https:\/\/erfuhome.com\/fr\/wp-json\/wp\/v2\/product\/92502","targetHints":{"allow":["GET"]}}],"collection":[{"href":"https:\/\/erfuhome.com\/fr\/wp-json\/wp\/v2\/product"}],"about":[{"href":"https:\/\/erfuhome.com\/fr\/wp-json\/wp\/v2\/types\/product"}],"replies":[{"embeddable":true,"href":"https:\/\/erfuhome.com\/fr\/wp-json\/wp\/v2\/comments?post=92502"}],"version-history":[{"count":0,"href":"https:\/\/erfuhome.com\/fr\/wp-json\/wp\/v2\/product\/92502\/revisions"}],"wp:featuredmedia":[{"embeddable":true,"href":"https:\/\/erfuhome.com\/fr\/wp-json\/wp\/v2\/media\/165613"}],"wp:attachment":[{"href":"https:\/\/erfuhome.com\/fr\/wp-json\/wp\/v2\/media?parent=92502"}],"wp:term":[{"taxonomy":"product_brand","embeddable":true,"href":"https:\/\/erfuhome.com\/fr\/wp-json\/wp\/v2\/product_brand?post=92502"},{"taxonomy":"product_cat","embeddable":true,"href":"https:\/\/erfuhome.com\/fr\/wp-json\/wp\/v2\/product_cat?post=92502"},{"taxonomy":"product_tag","embeddable":true,"href":"https:\/\/erfuhome.com\/fr\/wp-json\/wp\/v2\/product_tag?post=92502"}],"curies":[{"name":"wp","href":"https:\/\/api.w.org\/{rel}","templated":true}]}}