{"id":206130,"date":"2026-03-17T23:17:47","date_gmt":"2026-03-17T23:17:47","guid":{"rendered":"https:\/\/erfuhome.com\/verzendbeleid\/"},"modified":"2026-03-28T16:33:07","modified_gmt":"2026-03-28T16:33:07","slug":"verzendbeleid","status":"publish","type":"page","link":"https:\/\/erfuhome.com\/nl\/verzendbeleid\/","title":{"rendered":"Verzendbeleid"},"content":{"rendered":"\n<p class=\"wp-block-wd-paragraph wd-a67c24d2\">Ingangsdatum: maart 2026 Bedrijf: Erfu Home (beheerd door Erfu Europe bv)<\/p>\n\n<p class=\"wp-block-wd-paragraph wd-1f475768\">Bij Erfu Home streven we ernaar uw bestellingen zo snel en veilig mogelijk te verwerken en te bezorgen. Bekijk hieronder onze verzendtijden, kosten en -methoden. <\/p>\n\n<p class=\"wp-block-wd-paragraph wd-cc9dcac2\"><strong>1. Verwerkingstijd van de bestelling (afhandelingstijd)<\/strong><\/p>\n\n<ul class=\"wp-block-list\">\n<li>Standaard sluitingstijd: Bestellingen die v\u00f3\u00f3r 15:00 uur CET (maandag t\/m vrijdag) worden geplaatst, worden over het algemeen dezelfde dag nog verwerkt en vanuit ons magazijn verzonden.<\/li>\n\n\n\n<li>Bestellingen die na 15:00 uur CET of in het weekend\/op feestdagen worden geplaatst, worden op de eerstvolgende werkdag verwerkt.<\/li>\n\n\n\n<li>Zodra uw bestelling ons magazijn verlaat, ontvangt u een e-mail met een verzendbevestiging en trackinginformatie.<\/li>\n<\/ul>\n\n<p class=\"wp-block-wd-paragraph wd-65a434ec\">2. Geschatte transittijden (levertijd) Zodra uw bestelling is overhandigd aan onze transporteurs, kunt u de volgende levertijden verwachten:<\/p>\n\n<ul class=\"wp-block-list\">\n<li>Belgi\u00eb en Nederland: ongeveer 2 werkdagen.<\/li>\n\n\n\n<li>Overige EU-landen: Circa 3 tot 5 werkdagen.<\/li>\n\n\n\n<li>Zware\/omvangrijke artikelen: vanwege speciale transportvereisten kan de levering 5 tot 7 werkdagen duren.<\/li>\n<\/ul>\n\n<p class=\"wp-block-wd-paragraph wd-19b21e18\">3. Standaard verzendkosten per land. De verzendkosten worden automatisch berekend bij het afrekenen op basis van uw bezorgadres. Alle onderstaande prijzen zijn inclusief btw. <\/p>\n\n<p class=\"wp-block-wd-paragraph wd-e4c134a7\"><strong>Zone 1: \u20ac10,00 vast tarief (gratis verzending bij bestellingen boven \u20ac500)<\/strong><\/p>\n\n<ul class=\"wp-block-list\">\n<li>Belgi\u00eb, Nederland, Luxemburg, Duitsland, Frankrijk, Itali\u00eb<\/li>\n<\/ul>\n\n<p class=\"wp-block-wd-paragraph wd-f96ef288\"><strong>Zone 2: \u20ac10,00 vast tarief (geen drempelbedrag voor gratis verzending)<\/strong><\/p>\n\n<ul class=\"wp-block-list\">\n<li>Polen<\/li>\n<\/ul>\n\n<p class=\"wp-block-wd-paragraph wd-a1b22f46\"><strong>Zone 3: \u20ac12,00 vast tarief (geen drempelbedrag voor gratis verzending)<\/strong><\/p>\n\n<ul class=\"wp-block-list\">\n<li>Spanje, Portugal, Ierland, Oostenrijk<\/li>\n<\/ul>\n\n<p class=\"wp-block-wd-paragraph wd-896b223a\"><strong>Zone 4: \u20ac15,00 vast tarief (geen drempel voor gratis verzending)<\/strong><\/p>\n\n<ul class=\"wp-block-list\">\n<li>Denemarken, Tsjechi\u00eb, Slowakije, Hongarije, Sloveni\u00eb, Kroati\u00eb, Litouwen<\/li>\n<\/ul>\n\n<p class=\"wp-block-wd-paragraph wd-ab0dd7b8\"><strong>Zone 5: \u20ac18,00 &#8211; \u20ac19,00 vast tarief (geen drempelbedrag voor gratis verzending)<\/strong><\/p>\n\n<ul class=\"wp-block-list\">\n<li>Zweden (\u20ac 18,00), Estland (\u20ac 18,00), Letland (\u20ac 19,00)<\/li>\n<\/ul>\n\n<p class=\"wp-block-wd-paragraph wd-d1d87b8e\"><strong>Zone 6: \u20ac25,00 vast tarief (geen drempel voor gratis verzending)<\/strong><\/p>\n\n<ul class=\"wp-block-list\">\n<li>Finland, Roemeni\u00eb, Bulgarije, Griekenland<\/li>\n<\/ul>\n\n<p class=\"wp-block-wd-paragraph wd-12ef7eb1\"><strong>Zone 7: \u20ac35,00 vast tarief (geen drempel voor gratis verzending)<\/strong><\/p>\n\n<ul class=\"wp-block-list\">\n<li>Cyprus, Malta<\/li>\n<\/ul>\n\n<p class=\"wp-block-wd-paragraph wd-35ea4d39\">4. Zware en omvangrijke artikelen Bepaalde producten in onze catalogus zijn uitzonderlijk zwaar of groot en kunnen niet via standaard koeriersdiensten worden verzonden.<\/p>\n\n<ul class=\"wp-block-list\">\n<li>Voor deze artikelen gelden niet de standaard verzendkosten.<\/li>\n\n\n\n<li>De exacte verzendkosten voor zware\/omvangrijke artikelen worden dynamisch berekend en weergegeven tijdens het afrekenproces, voordat u uw betaling voltooit.<\/li>\n<\/ul>\n\n<p class=\"wp-block-wd-paragraph wd-cc2e5010\">5. Afhalen in de winkel (alleen afhalen) Bepaalde artikelen zijn op de productpagina gemarkeerd als &#8220;ALLEEN AFHALEN&#8221;. Deze artikelen komen niet in aanmerking voor standaardverzending en zijn alleen verkrijgbaar in ons hoofdmagazijn. <\/p>\n\n<ul class=\"wp-block-list\">\n<li>Als uw bestelling een artikel bevat dat alleen afgehaald kan worden, dient u dit op afspraak af te halen.<\/li>\n\n\n\n<li>Nadat u uw bestelling heeft geplaatst, neemt ons team contact met u op om een \u200b\u200bophaaltijd in te plannen.<\/li>\n\n\n\n<li><strong>Pickup Locatie:<\/strong> Korenbeekstraat 42, 1080 Brussels, Belgium.<\/li>\n<\/ul>\n\n<p class=\"wp-block-wd-paragraph wd-23329747\">6. Transportschade en -problemen We verpakken elk artikel met uiterste zorg, maar ongelukken tijdens het transport kunnen soms voorkomen. Als uw pakket beschadigd aankomt, moet u dit binnen 24 uur na ontvangst aan ons melden. <\/p>\n\n<ul class=\"wp-block-list\">\n<li>Stuur uw bestelnummer direct per e-mail naar info@erfuhome.com.<\/li>\n\n\n\n<li>Voeg duidelijke foto&#8217;s toe van het beschadigde artikel, de binnenverpakking en alle zijden van de verzenddoos. Zodra we deze informatie hebben ontvangen, nemen we binnen 1-2 werkdagen contact met u op om een \u200b\u200boplossing te bieden (zoals een vervanging of terugbetaling). <\/li>\n<\/ul>\n\n<p class=\"wp-block-wd-paragraph wd-8f7ba60b\">7. Contactgegevens: Als u vragen heeft over uw zending, de tracking ervan of ons leveringsbeleid, neem dan contact met ons op:<\/p>\n\n<p>Zakelijk adres: Erfu Europe bv, Korenbeekstraat 42, 1080 Brussel, Belgi\u00eb<\/p>\n\n<p><strong>Email:<\/strong> info@erfuhome.com<\/p>\n\n<p><strong>Phone:<\/strong> +32 484 53 38 02<\/p>\n\n<p><\/p>\n","protected":false},"excerpt":{"rendered":"<p>Zakelijk adres: Erfu Europe bv, Korenbeekstraat 42, 1080 Brussel, Belgi\u00eb Email: info@erfuhome.com Phone: +32 484 53 38 02<\/p>\n","protected":false},"author":1,"featured_media":0,"parent":0,"menu_order":0,"comment_status":"closed","ping_status":"closed","template":"","meta":{"footnotes":""},"class_list":["post-206130","page","type-page","status-publish","hentry"],"_links":{"self":[{"href":"https:\/\/erfuhome.com\/nl\/wp-json\/wp\/v2\/pages\/206130","targetHints":{"allow":["GET"]}}],"collection":[{"href":"https:\/\/erfuhome.com\/nl\/wp-json\/wp\/v2\/pages"}],"about":[{"href":"https:\/\/erfuhome.com\/nl\/wp-json\/wp\/v2\/types\/page"}],"author":[{"embeddable":true,"href":"https:\/\/erfuhome.com\/nl\/wp-json\/wp\/v2\/users\/1"}],"replies":[{"embeddable":true,"href":"https:\/\/erfuhome.com\/nl\/wp-json\/wp\/v2\/comments?post=206130"}],"version-history":[{"count":3,"href":"https:\/\/erfuhome.com\/nl\/wp-json\/wp\/v2\/pages\/206130\/revisions"}],"predecessor-version":[{"id":206215,"href":"https:\/\/erfuhome.com\/nl\/wp-json\/wp\/v2\/pages\/206130\/revisions\/206215"}],"wp:attachment":[{"href":"https:\/\/erfuhome.com\/nl\/wp-json\/wp\/v2\/media?parent=206130"}],"curies":[{"name":"wp","href":"https:\/\/api.w.org\/{rel}","templated":true}]}}