{"id":57146,"date":"2025-11-23T20:14:56","date_gmt":"2025-11-23T20:14:56","guid":{"rendered":"https:\/\/erfuhome.com\/?post_type=product&#038;p=57146"},"modified":"2026-02-21T22:56:18","modified_gmt":"2026-02-21T22:56:18","slug":"erfu-meerlaags-krimptee-m-20-mm-x-12-x-20-mm-press-fitting-dvgw-gecertificeerd-multi-profielen-uhth","status":"publish","type":"product","link":"https:\/\/erfuhome.com\/nl\/product\/erfu-meerlaags-krimptee-m-20-mm-x-12-x-20-mm-press-fitting-dvgw-gecertificeerd-multi-profielen-uhth\/","title":{"rendered":"Erfu Meerlaags Krimptee M \u2013 20 Mm X 1\/2&#8243; X 20 Mm \u2013 Press Fitting Dvgw Gecertificeerd, Multi-Profielen U\/H\/Th"},"content":{"rendered":"<p><strong>Erfu t\u00e9 \u00e0 sertir multicouche 20 x 1\/2M x 20 MM \u2013 press fitting certifi\u00e9 DVGW, multi-profils U\/H\/TH<\/strong><\/p>\n<p>Le raccord <strong>Erfu<\/strong> est con\u00e7u pour des installations sanitaires et de chauffage fiables et durables. Compatible <strong>multi-profils (U, H, TH)<\/strong>, il fonctionne avec la majorit\u00e9 des pinces \u00e0 sertir du march\u00e9. Certifi\u00e9 <strong>DVGW<\/strong>, il garantit une \u00e9tanch\u00e9it\u00e9 et une s\u00e9curit\u00e9 optimales.<\/p>\n<ul>\n<li>Corps en laiton robuste et bague de maintien en HDPE<\/li>\n<li>Double joint torique pour une \u00e9tanch\u00e9it\u00e9 parfaite apr\u00e8s sertissage<\/li>\n<li>Protection anti-\u00e9lectrolyse entre tube multicouche et laiton<\/li>\n<li>Installation rapide, orientation ais\u00e9e et montage s\u00fbr<\/li>\n<li>Alternative \u00e9conomique et fiable aux grandes marques<\/li>\n<\/ul>\n<p>Avec <strong>Erfu<\/strong>, profitez d\u2019un raccord multicouche de qualit\u00e9 professionnelle, simple \u00e0 installer et propos\u00e9 \u00e0 un excellent rapport qualit\u00e9-prix.<\/p>\n","protected":false},"excerpt":{"rendered":"<p>Erfu t\u00e9 \u00e0 sertir multicouche 20 x 1\/2M x 20 MM \u2013 press fitting certifi\u00e9 DVGW, multi-profils U\/H\/TH Le raccord<\/p>\n","protected":false},"featured_media":57147,"comment_status":"open","ping_status":"closed","template":"","meta":[],"product_brand":[],"product_cat":[9919,10577,10453,10743,10739],"product_tag":[],"class_list":{"0":"post-57146","1":"product","2":"type-product","3":"status-publish","4":"has-post-thumbnail","6":"product_cat-erfu-specials","7":"product_cat-gereduceerd-t-stuk","8":"product_cat-persfittingen","9":"product_cat-t-shirt-mannelijk","10":"product_cat-t-stuk","12":"first","13":"instock","14":"taxable","15":"shipping-taxable","16":"purchasable","17":"product-type-simple"},"_links":{"self":[{"href":"https:\/\/erfuhome.com\/nl\/wp-json\/wp\/v2\/product\/57146","targetHints":{"allow":["GET"]}}],"collection":[{"href":"https:\/\/erfuhome.com\/nl\/wp-json\/wp\/v2\/product"}],"about":[{"href":"https:\/\/erfuhome.com\/nl\/wp-json\/wp\/v2\/types\/product"}],"replies":[{"embeddable":true,"href":"https:\/\/erfuhome.com\/nl\/wp-json\/wp\/v2\/comments?post=57146"}],"version-history":[{"count":0,"href":"https:\/\/erfuhome.com\/nl\/wp-json\/wp\/v2\/product\/57146\/revisions"}],"wp:featuredmedia":[{"embeddable":true,"href":"https:\/\/erfuhome.com\/nl\/wp-json\/wp\/v2\/media\/57147"}],"wp:attachment":[{"href":"https:\/\/erfuhome.com\/nl\/wp-json\/wp\/v2\/media?parent=57146"}],"wp:term":[{"taxonomy":"product_brand","embeddable":true,"href":"https:\/\/erfuhome.com\/nl\/wp-json\/wp\/v2\/product_brand?post=57146"},{"taxonomy":"product_cat","embeddable":true,"href":"https:\/\/erfuhome.com\/nl\/wp-json\/wp\/v2\/product_cat?post=57146"},{"taxonomy":"product_tag","embeddable":true,"href":"https:\/\/erfuhome.com\/nl\/wp-json\/wp\/v2\/product_tag?post=57146"}],"curies":[{"name":"wp","href":"https:\/\/api.w.org\/{rel}","templated":true}]}}