{"id":57290,"date":"2025-11-24T07:08:44","date_gmt":"2025-11-24T07:08:44","guid":{"rendered":"https:\/\/erfuhome.com\/?post_type=product&#038;p=57290"},"modified":"2026-02-21T22:56:36","modified_gmt":"2026-02-21T22:56:36","slug":"erfu-losse-verbinding-met-meerlaagse-platte-afdichting-voor-krimpen-16-mm-x-12f-v-press-fitting-dvgw-gecertificeerd-multi-profiel-uhth","status":"publish","type":"product","link":"https:\/\/erfuhome.com\/nl\/product\/erfu-losse-verbinding-met-meerlaagse-platte-afdichting-voor-krimpen-16-mm-x-12f-v-press-fitting-dvgw-gecertificeerd-multi-profiel-uhth\/","title":{"rendered":"Erfu Losse Verbinding Met Meerlaagse Platte Afdichting Voor Krimpen 16 Mm X 1\/2f-V \u2013 Press Fitting Dvgw Gecertificeerd, Multi-Profiel U\/H\/Th"},"content":{"rendered":"<p><strong>Erfu raccord multicouche \u00e0 sertir 1\/2F-V x 16 MM \u2013 press fitting certifi\u00e9 DVGW, multi-profils U\/H\/TH<\/strong><\/p>\n<p>Le raccord <strong>Erfu<\/strong> est con\u00e7u pour des installations sanitaires et de chauffage fiables et durables. Compatible <strong>multi-profils (U, H, TH)<\/strong>, il fonctionne avec la majorit\u00e9 des pinces \u00e0 sertir du march\u00e9. Certifi\u00e9 <strong>DVGW<\/strong>, il garantit une \u00e9tanch\u00e9it\u00e9 et une s\u00e9curit\u00e9 optimales.<\/p>\n<ul>\n<li>Corps en laiton robuste et bague de maintien en HDPE<\/li>\n<li>Double joint torique pour une \u00e9tanch\u00e9it\u00e9 parfaite apr\u00e8s sertissage<\/li>\n<li>Protection anti-\u00e9lectrolyse entre tube multicouche et laiton<\/li>\n<li>Installation rapide, orientation ais\u00e9e et montage s\u00fbr<\/li>\n<li>Alternative \u00e9conomique et fiable aux grandes marques.<\/li>\n<\/ul>\n<p>Avec <strong>Erfu<\/strong>, profitez d\u2019un raccord multicouche de qualit\u00e9 professionnelle, simple \u00e0 installer et propos\u00e9 \u00e0 un excellent rapport qualit\u00e9-prix.<\/p>\n<p><strong>Caract\u00e9ristiques principales :<\/strong><\/p>\n<ul>\n<li>RACCORD LIBRE A JOINT PLAT multicouche \u00e0 sertir 1\/2F-V x 16 MM \u2013 press fitting certifi\u00e9 DVGW, multi-profils U\/H\/TH pour tuyau multicouche \u2013 connexion fiable et durable<\/li>\n<li>Certifi\u00e9 DVGW pour installations d&#8217;eau potable et chauffage<\/li>\n<li>Compatible avec profils de sertissage U, H et TH<\/li>\n<li>Installation rapide, \u00e9tanch\u00e9it\u00e9 garantie et r\u00e9sistance \u00e0 la corrosion<\/li>\n<li>Convient aux syst\u00e8mes de chauffage au sol, radiateurs et plomberie domestique<\/li>\n<\/ul>\n","protected":false},"excerpt":{"rendered":"<p>Erfu raccord multicouche \u00e0 sertir 1\/2F-V x 16 MM \u2013 press fitting certifi\u00e9 DVGW, multi-profils U\/H\/TH Le raccord Erfu est<\/p>\n","protected":false},"featured_media":57291,"comment_status":"open","ping_status":"closed","template":"","meta":[],"product_brand":[],"product_cat":[10445,9919,10453],"product_tag":[],"class_list":{"0":"post-57290","1":"product","2":"type-product","3":"status-publish","4":"has-post-thumbnail","6":"product_cat-druk-op-de-platte-elleboogverbinding","7":"product_cat-erfu-specials","8":"product_cat-persfittingen","10":"first","11":"instock","12":"taxable","13":"shipping-taxable","14":"purchasable","15":"product-type-simple"},"_links":{"self":[{"href":"https:\/\/erfuhome.com\/nl\/wp-json\/wp\/v2\/product\/57290","targetHints":{"allow":["GET"]}}],"collection":[{"href":"https:\/\/erfuhome.com\/nl\/wp-json\/wp\/v2\/product"}],"about":[{"href":"https:\/\/erfuhome.com\/nl\/wp-json\/wp\/v2\/types\/product"}],"replies":[{"embeddable":true,"href":"https:\/\/erfuhome.com\/nl\/wp-json\/wp\/v2\/comments?post=57290"}],"version-history":[{"count":0,"href":"https:\/\/erfuhome.com\/nl\/wp-json\/wp\/v2\/product\/57290\/revisions"}],"wp:featuredmedia":[{"embeddable":true,"href":"https:\/\/erfuhome.com\/nl\/wp-json\/wp\/v2\/media\/57291"}],"wp:attachment":[{"href":"https:\/\/erfuhome.com\/nl\/wp-json\/wp\/v2\/media?parent=57290"}],"wp:term":[{"taxonomy":"product_brand","embeddable":true,"href":"https:\/\/erfuhome.com\/nl\/wp-json\/wp\/v2\/product_brand?post=57290"},{"taxonomy":"product_cat","embeddable":true,"href":"https:\/\/erfuhome.com\/nl\/wp-json\/wp\/v2\/product_cat?post=57290"},{"taxonomy":"product_tag","embeddable":true,"href":"https:\/\/erfuhome.com\/nl\/wp-json\/wp\/v2\/product_tag?post=57290"}],"curies":[{"name":"wp","href":"https:\/\/api.w.org\/{rel}","templated":true}]}}